{"id":1831,"date":"2025-05-19T17:17:44","date_gmt":"2025-05-19T15:17:44","guid":{"rendered":"https:\/\/vacacionesmiamiplaya.com\/testimonials\/"},"modified":"2025-07-08T10:43:13","modified_gmt":"2025-07-08T08:43:13","slug":"testimonials","status":"publish","type":"page","link":"https:\/\/vacacionesmiamiplaya.com\/en\/testimonials\/","title":{"rendered":"Testimonials"},"content":{"rendered":"<div data-elementor-type=\"wp-post\" data-elementor-id=\"1831\" class=\"elementor elementor-1831\">\n\t\t\t\t<div class=\"elementor-element elementor-element-72c4078 e-flex e-con-boxed e-con e-parent\" data-id=\"72c4078\" data-element_type=\"container\" data-settings=\"{&quot;background_background&quot;:&quot;classic&quot;}\">\n\t\t\t\t\t<div class=\"e-con-inner\">\n\t\t<div class=\"elementor-element elementor-element-d8fbf0e e-con-full e-flex e-con e-child\" data-id=\"d8fbf0e\" data-element_type=\"container\">\n\t\t\t\t<div class=\"elementor-element elementor-element-1c155b6 elementor-widget elementor-widget-heading\" data-id=\"1c155b6\" data-element_type=\"widget\" data-widget_type=\"heading.default\">\n\t\t\t\t<div class=\"elementor-widget-container\">\n\t\t\t\t\t<h1 class=\"elementor-heading-title elementor-size-default\">Testimonials<\/h1>\t\t\t\t<\/div>\n\t\t\t\t<\/div>\n\t\t\t\t<div class=\"elementor-element elementor-element-d9b6f83 elementor-widget elementor-widget-text-editor\" data-id=\"d9b6f83\" data-element_type=\"widget\" data-widget_type=\"text-editor.default\">\n\t\t\t\t<div class=\"elementor-widget-container\">\n\t\t\t\t\t\t\t\t\t<p>La mejor garant\u00eda de calidad es la satisfacci\u00f3n de quienes ya nos eligieron.<\/p>\t\t\t\t\t\t\t\t<\/div>\n\t\t\t\t<\/div>\n\t\t\t\t<\/div>\n\t\t\t\t\t<\/div>\n\t\t\t\t<\/div>\n\t\t<div class=\"elementor-element elementor-element-29e10f5 e-flex e-con-boxed e-con e-parent\" data-id=\"29e10f5\" data-element_type=\"container\">\n\t\t\t\t\t<div class=\"e-con-inner\">\n\t\t<div class=\"elementor-element elementor-element-b9620a7 e-con-full e-flex e-con e-child\" data-id=\"b9620a7\" data-element_type=\"container\">\n\t\t\t\t<div class=\"elementor-element elementor-element-2062c76 elementor-widget elementor-widget-heading\" data-id=\"2062c76\" data-element_type=\"widget\" data-widget_type=\"heading.default\">\n\t\t\t\t<div class=\"elementor-widget-container\">\n\t\t\t\t\t<h3 class=\"elementor-heading-title elementor-size-default\">Qu\u00e9 dicen nuestros clientes<\/h3>\t\t\t\t<\/div>\n\t\t\t\t<\/div>\n\t\t\t\t<div class=\"elementor-element elementor-element-4dcf51a elementor-widget elementor-widget-text-editor\" data-id=\"4dcf51a\" data-element_type=\"widget\" data-widget_type=\"text-editor.default\">\n\t\t\t\t<div class=\"elementor-widget-container\">\n\t\t\t\t\t\t\t\t\t<p>Nuestros hu\u00e9spedes destacan la comodidad, la ubicaci\u00f3n y el trato recibido.<br data-start=\"547\" data-end=\"550\" \/>Aqu\u00ed compartimos sus comentarios reales, tal como los dejaron tras su estancia.<br data-start=\"629\" data-end=\"632\" \/>Tu experiencia tambi\u00e9n puede ser la pr\u00f3xima en aparecer aqu\u00ed.<\/p>\t\t\t\t\t\t\t\t<\/div>\n\t\t\t\t<\/div>\n\t\t<div class=\"elementor-element elementor-element-c5c1535 e-flex e-con-boxed e-con e-child\" data-id=\"c5c1535\" data-element_type=\"container\">\n\t\t\t\t\t<div class=\"e-con-inner\">\n\t\t<div class=\"elementor-element elementor-element-89df3c0 e-con-full e-flex e-con e-child\" data-id=\"89df3c0\" data-element_type=\"container\">\n\t\t\t\t<div class=\"elementor-element elementor-element-3ef4b8e elementor-view-default elementor-widget elementor-widget-icon\" data-id=\"3ef4b8e\" data-element_type=\"widget\" data-widget_type=\"icon.default\">\n\t\t\t\t<div class=\"elementor-widget-container\">\n\t\t\t\t\t\t\t<div class=\"elementor-icon-wrapper\">\n\t\t\t<div class=\"elementor-icon\">\n\t\t\t<svg aria-hidden=\"true\" class=\"e-font-icon-svg e-fas-quote-left\" viewbox=\"0 0 512 512\" xmlns=\"http:\/\/www.w3.org\/2000\/svg\"><path d=\"M464 256h-80v-64c0-35.3 28.7-64 64-64h8c13.3 0 24-10.7 24-24V56c0-13.3-10.7-24-24-24h-8c-88.4 0-160 71.6-160 160v240c0 26.5 21.5 48 48 48h128c26.5 0 48-21.5 48-48V304c0-26.5-21.5-48-48-48zm-288 0H96v-64c0-35.3 28.7-64 64-64h8c13.3 0 24-10.7 24-24V56c0-13.3-10.7-24-24-24h-8C71.6 32 0 103.6 0 192v240c0 26.5 21.5 48 48 48h128c26.5 0 48-21.5 48-48V304c0-26.5-21.5-48-48-48z\"><\/path><\/svg>\t\t\t<\/div>\n\t\t<\/div>\n\t\t\t\t\t\t<\/div>\n\t\t\t\t<\/div>\n\t\t\t\t<div class=\"elementor-element elementor-element-9966421 elementor-widget elementor-widget-text-editor\" data-id=\"9966421\" data-element_type=\"widget\" data-widget_type=\"text-editor.default\">\n\t\t\t\t<div class=\"elementor-widget-container\">\n\t\t\t\t\t\t\t\t\t<p>El apartamento super\u00f3 nuestras expectativas. Muy limpio, bien equipado y a un paso de la playa. La terraza es perfecta para desayunar al sol. \u00a1Volveremos sin duda el verano que viene!<\/p>\t\t\t\t\t\t\t\t<\/div>\n\t\t\t\t<\/div>\n\t\t\t\t<div class=\"elementor-element elementor-element-b8c0031 elementor-widget elementor-widget-heading\" data-id=\"b8c0031\" data-element_type=\"widget\" data-widget_type=\"heading.default\">\n\t\t\t\t<div class=\"elementor-widget-container\">\n\t\t\t\t\t<h6 class=\"elementor-heading-title elementor-size-default\">Laura G. \u2013 Zaragoza<\/h6>\t\t\t\t<\/div>\n\t\t\t\t<\/div>\n\t\t\t\t<\/div>\n\t\t<div class=\"elementor-element elementor-element-dfb485f e-con-full e-flex e-con e-child\" data-id=\"dfb485f\" data-element_type=\"container\">\n\t\t\t\t<div class=\"elementor-element elementor-element-0707ecc elementor-widget elementor-widget-image\" data-id=\"0707ecc\" data-element_type=\"widget\" data-widget_type=\"image.default\">\n\t\t\t\t<div class=\"elementor-widget-container\">\n\t\t\t\t\t\t\t\t\t\t\t\t\t\t\t<img fetchpriority=\"high\" decoding=\"async\" width=\"400\" height=\"480\" src=\"https:\/\/vacacionesmiamiplaya.com\/wp-content\/uploads\/2020\/06\/woman-in-blue-and-yellow-dress-sitting-on-red-sofa.jpg\" class=\"attachment-full size-full wp-image-571\" alt=\"\" \/>\t\t\t\t\t\t\t\t\t\t\t\t\t\t\t<\/div>\n\t\t\t\t<\/div>\n\t\t\t\t<\/div>\n\t\t<div class=\"elementor-element elementor-element-e130ec7 e-con-full e-flex e-con e-child\" data-id=\"e130ec7\" data-element_type=\"container\">\n\t\t\t\t<div class=\"elementor-element elementor-element-b1317aa elementor-widget elementor-widget-image\" data-id=\"b1317aa\" data-element_type=\"widget\" data-widget_type=\"image.default\">\n\t\t\t\t<div class=\"elementor-widget-container\">\n\t\t\t\t\t\t\t\t\t\t\t\t\t\t\t<img decoding=\"async\" src=\"https:\/\/vacacionesmiamiplaya.com\/wp-content\/uploads\/2025\/05\/terrace-2-1.jpeg\" title=\"terrace-2\" alt=\"terrace-2\" loading=\"lazy\" \/>\t\t\t\t\t\t\t\t\t\t\t\t\t\t\t<\/div>\n\t\t\t\t<\/div>\n\t\t\t\t<\/div>\n\t\t\t\t\t<\/div>\n\t\t\t\t<\/div>\n\t\t<div class=\"elementor-element elementor-element-a5fe4de e-flex e-con-boxed e-con e-child\" data-id=\"a5fe4de\" data-element_type=\"container\">\n\t\t\t\t\t<div class=\"e-con-inner\">\n\t\t<div class=\"elementor-element elementor-element-3f9a0c5 e-con-full e-flex e-con e-child\" data-id=\"3f9a0c5\" data-element_type=\"container\">\n\t\t\t\t<div class=\"elementor-element elementor-element-2a132f6 elementor-view-default elementor-widget elementor-widget-icon\" data-id=\"2a132f6\" data-element_type=\"widget\" data-widget_type=\"icon.default\">\n\t\t\t\t<div class=\"elementor-widget-container\">\n\t\t\t\t\t\t\t<div class=\"elementor-icon-wrapper\">\n\t\t\t<div class=\"elementor-icon\">\n\t\t\t<svg aria-hidden=\"true\" class=\"e-font-icon-svg e-fas-quote-left\" viewbox=\"0 0 512 512\" xmlns=\"http:\/\/www.w3.org\/2000\/svg\"><path d=\"M464 256h-80v-64c0-35.3 28.7-64 64-64h8c13.3 0 24-10.7 24-24V56c0-13.3-10.7-24-24-24h-8c-88.4 0-160 71.6-160 160v240c0 26.5 21.5 48 48 48h128c26.5 0 48-21.5 48-48V304c0-26.5-21.5-48-48-48zm-288 0H96v-64c0-35.3 28.7-64 64-64h8c13.3 0 24-10.7 24-24V56c0-13.3-10.7-24-24-24h-8C71.6 32 0 103.6 0 192v240c0 26.5 21.5 48 48 48h128c26.5 0 48-21.5 48-48V304c0-26.5-21.5-48-48-48z\"><\/path><\/svg>\t\t\t<\/div>\n\t\t<\/div>\n\t\t\t\t\t\t<\/div>\n\t\t\t\t<\/div>\n\t\t\t\t<div class=\"elementor-element elementor-element-b9cc76b elementor-widget elementor-widget-heading\" data-id=\"b9cc76b\" data-element_type=\"widget\" data-widget_type=\"heading.default\">\n\t\t\t\t<div class=\"elementor-widget-container\">\n\t\t\t\t\t<h6 class=\"elementor-heading-title elementor-size-default\">Jordi M. \u2013 Barcelona<\/h6>\t\t\t\t<\/div>\n\t\t\t\t<\/div>\n\t\t\t\t<div class=\"elementor-element elementor-element-ad48139 elementor-widget elementor-widget-text-editor\" data-id=\"ad48139\" data-element_type=\"widget\" data-widget_type=\"text-editor.default\">\n\t\t\t\t<div class=\"elementor-widget-container\">\n\t\t\t\t\t\t\t\t\t<p>Pasamos una semana en familia y fue todo genial. Las dos habitaciones nos dieron espacio de sobra y tener dos ba\u00f1os, uno en suite, fue un lujo. Zona tranquila, ideal para desconectar. 100% recomendable.<\/p>\t\t\t\t\t\t\t\t<\/div>\n\t\t\t\t<\/div>\n\t\t\t\t<\/div>\n\t\t<div class=\"elementor-element elementor-element-80e3a92 e-con-full e-flex e-con e-child\" data-id=\"80e3a92\" data-element_type=\"container\">\n\t\t\t\t<div class=\"elementor-element elementor-element-430a8ef elementor-widget elementor-widget-image\" data-id=\"430a8ef\" data-element_type=\"widget\" data-widget_type=\"image.default\">\n\t\t\t\t<div class=\"elementor-widget-container\">\n\t\t\t\t\t\t\t\t\t\t\t\t\t\t\t<img decoding=\"async\" width=\"400\" height=\"480\" src=\"https:\/\/vacacionesmiamiplaya.com\/wp-content\/uploads\/2020\/06\/well-dressed-businessman-sitting-on-sofa.jpg\" class=\"attachment-full size-full wp-image-570\" alt=\"\" \/>\t\t\t\t\t\t\t\t\t\t\t\t\t\t\t<\/div>\n\t\t\t\t<\/div>\n\t\t\t\t<\/div>\n\t\t<div class=\"elementor-element elementor-element-f724526 e-con-full e-flex e-con e-child\" data-id=\"f724526\" data-element_type=\"container\">\n\t\t\t\t<div class=\"elementor-element elementor-element-e00ef8a elementor-widget elementor-widget-image\" data-id=\"e00ef8a\" data-element_type=\"widget\" data-widget_type=\"image.default\">\n\t\t\t\t<div class=\"elementor-widget-container\">\n\t\t\t\t\t\t\t\t\t\t\t\t\t\t\t<img decoding=\"async\" src=\"https:\/\/vacacionesmiamiplaya.com\/wp-content\/uploads\/2025\/06\/living-1.jpeg\" title=\"living-1\" alt=\"living-1\" loading=\"lazy\" \/>\t\t\t\t\t\t\t\t\t\t\t\t\t\t\t<\/div>\n\t\t\t\t<\/div>\n\t\t\t\t<\/div>\n\t\t\t\t\t<\/div>\n\t\t\t\t<\/div>\n\t\t<div class=\"elementor-element elementor-element-9de38f1 e-flex e-con-boxed e-con e-child\" data-id=\"9de38f1\" data-element_type=\"container\">\n\t\t\t\t\t<div class=\"e-con-inner\">\n\t\t<div class=\"elementor-element elementor-element-886d73e e-con-full e-flex e-con e-child\" data-id=\"886d73e\" data-element_type=\"container\">\n\t\t\t\t<div class=\"elementor-element elementor-element-27824a6 elementor-view-default elementor-widget elementor-widget-icon\" data-id=\"27824a6\" data-element_type=\"widget\" data-widget_type=\"icon.default\">\n\t\t\t\t<div class=\"elementor-widget-container\">\n\t\t\t\t\t\t\t<div class=\"elementor-icon-wrapper\">\n\t\t\t<div class=\"elementor-icon\">\n\t\t\t<svg aria-hidden=\"true\" class=\"e-font-icon-svg e-fas-quote-left\" viewbox=\"0 0 512 512\" xmlns=\"http:\/\/www.w3.org\/2000\/svg\"><path d=\"M464 256h-80v-64c0-35.3 28.7-64 64-64h8c13.3 0 24-10.7 24-24V56c0-13.3-10.7-24-24-24h-8c-88.4 0-160 71.6-160 160v240c0 26.5 21.5 48 48 48h128c26.5 0 48-21.5 48-48V304c0-26.5-21.5-48-48-48zm-288 0H96v-64c0-35.3 28.7-64 64-64h8c13.3 0 24-10.7 24-24V56c0-13.3-10.7-24-24-24h-8C71.6 32 0 103.6 0 192v240c0 26.5 21.5 48 48 48h128c26.5 0 48-21.5 48-48V304c0-26.5-21.5-48-48-48z\"><\/path><\/svg>\t\t\t<\/div>\n\t\t<\/div>\n\t\t\t\t\t\t<\/div>\n\t\t\t\t<\/div>\n\t\t\t\t<div class=\"elementor-element elementor-element-c3fa110 elementor-widget elementor-widget-text-editor\" data-id=\"c3fa110\" data-element_type=\"widget\" data-widget_type=\"text-editor.default\">\n\t\t\t\t<div class=\"elementor-widget-container\">\n\t\t\t\t\t\t\t\t\t<p>Desde el primer momento nos sentimos como en casa. Todo estaba tal y como se ve en las fotos, o incluso mejor. El propietario fue muy atento y nos dio buenas recomendaciones de la zona.<\/p>\t\t\t\t\t\t\t\t<\/div>\n\t\t\t\t<\/div>\n\t\t\t\t<div class=\"elementor-element elementor-element-d9a1aaf elementor-widget elementor-widget-heading\" data-id=\"d9a1aaf\" data-element_type=\"widget\" data-widget_type=\"heading.default\">\n\t\t\t\t<div class=\"elementor-widget-container\">\n\t\t\t\t\t<h6 class=\"elementor-heading-title elementor-size-default\">Ana y Marcos \u2013 Madrid<\/h6>\t\t\t\t<\/div>\n\t\t\t\t<\/div>\n\t\t\t\t<\/div>\n\t\t<div class=\"elementor-element elementor-element-7ee0a8c e-con-full e-flex e-con e-child\" data-id=\"7ee0a8c\" data-element_type=\"container\">\n\t\t\t\t<div class=\"elementor-element elementor-element-70fceda elementor-widget elementor-widget-image\" data-id=\"70fceda\" data-element_type=\"widget\" data-widget_type=\"image.default\">\n\t\t\t\t<div class=\"elementor-widget-container\">\n\t\t\t\t\t\t\t\t\t\t\t\t\t\t\t<img decoding=\"async\" width=\"400\" height=\"480\" src=\"https:\/\/vacacionesmiamiplaya.com\/wp-content\/uploads\/2020\/06\/woman-wearing-blazer-and-blue-denim-jeans-sitting-on-chair.jpg\" class=\"attachment-full size-full wp-image-572\" alt=\"\" \/>\t\t\t\t\t\t\t\t\t\t\t\t\t\t\t<\/div>\n\t\t\t\t<\/div>\n\t\t\t\t<\/div>\n\t\t<div class=\"elementor-element elementor-element-69b160c e-con-full e-flex e-con e-child\" data-id=\"69b160c\" data-element_type=\"container\">\n\t\t\t\t<div class=\"elementor-element elementor-element-2591847 elementor-widget elementor-widget-image\" data-id=\"2591847\" data-element_type=\"widget\" data-widget_type=\"image.default\">\n\t\t\t\t<div class=\"elementor-widget-container\">\n\t\t\t\t\t\t\t\t\t\t\t\t\t\t\t<img decoding=\"async\" src=\"https:\/\/vacacionesmiamiplaya.com\/wp-content\/uploads\/2025\/06\/terrace-1.jpeg\" title=\"terrace-1\" alt=\"terrace-1\" loading=\"lazy\" \/>\t\t\t\t\t\t\t\t\t\t\t\t\t\t\t<\/div>\n\t\t\t\t<\/div>\n\t\t\t\t<\/div>\n\t\t\t\t\t<\/div>\n\t\t\t\t<\/div>\n\t\t\t\t<\/div>\n\t\t\t\t\t<\/div>\n\t\t\t\t<\/div>\n\t\t\t\t<\/div>","protected":false},"excerpt":{"rendered":"<p>Testimonials La mejor garant\u00eda de calidad es la satisfacci\u00f3n de quienes ya nos eligieron. Qu\u00e9 dicen nuestros clientes Nuestros hu\u00e9spedes destacan la comodidad, la ubicaci\u00f3n y el trato recibido.Aqu\u00ed compartimos sus comentarios reales, tal como los dejaron tras su estancia.Tu experiencia tambi\u00e9n puede ser la pr\u00f3xima en aparecer aqu\u00ed. El apartamento super\u00f3 nuestras expectativas. Muy [&hellip;]<\/p>","protected":false},"author":1,"featured_media":0,"parent":0,"menu_order":0,"comment_status":"closed","ping_status":"closed","template":"","meta":{"_uag_custom_page_level_css":"","site-sidebar-layout":"no-sidebar","site-content-layout":"page-builder","ast-site-content-layout":"","site-content-style":"default","site-sidebar-style":"default","ast-global-header-display":"","ast-banner-title-visibility":"","ast-main-header-display":"","ast-hfb-above-header-display":"","ast-hfb-below-header-display":"","ast-hfb-mobile-header-display":"","site-post-title":"disabled","ast-breadcrumbs-content":"","ast-featured-img":"disabled","footer-sml-layout":"","theme-transparent-header-meta":"enabled","adv-header-id-meta":"","stick-header-meta":"","header-above-stick-meta":"","header-main-stick-meta":"","header-below-stick-meta":"","astra-migrate-meta-layouts":"default","ast-page-background-enabled":"default","ast-page-background-meta":{"desktop":{"background-color":"","background-image":"","background-repeat":"repeat","background-position":"center center","background-size":"auto","background-attachment":"scroll","background-type":"","background-media":"","overlay-type":"","overlay-color":"","overlay-opacity":"","overlay-gradient":""},"tablet":{"background-color":"","background-image":"","background-repeat":"repeat","background-position":"center center","background-size":"auto","background-attachment":"scroll","background-type":"","background-media":"","overlay-type":"","overlay-color":"","overlay-opacity":"","overlay-gradient":""},"mobile":{"background-color":"","background-image":"","background-repeat":"repeat","background-position":"center center","background-size":"auto","background-attachment":"scroll","background-type":"","background-media":"","overlay-type":"","overlay-color":"","overlay-opacity":"","overlay-gradient":""}},"ast-content-background-meta":{"desktop":{"background-color":"var(--ast-global-color-5)","background-image":"","background-repeat":"repeat","background-position":"center center","background-size":"auto","background-attachment":"scroll","background-type":"","background-media":"","overlay-type":"","overlay-color":"","overlay-opacity":"","overlay-gradient":""},"tablet":{"background-color":"var(--ast-global-color-5)","background-image":"","background-repeat":"repeat","background-position":"center center","background-size":"auto","background-attachment":"scroll","background-type":"","background-media":"","overlay-type":"","overlay-color":"","overlay-opacity":"","overlay-gradient":""},"mobile":{"background-color":"var(--ast-global-color-5)","background-image":"","background-repeat":"repeat","background-position":"center center","background-size":"auto","background-attachment":"scroll","background-type":"","background-media":"","overlay-type":"","overlay-color":"","overlay-opacity":"","overlay-gradient":""}},"footnotes":""},"class_list":["post-1831","page","type-page","status-publish","hentry"],"uagb_featured_image_src":{"full":false,"thumbnail":false,"medium":false,"medium_large":false,"large":false,"1536x1536":false,"2048x2048":false,"trp-custom-language-flag":false},"uagb_author_info":{"display_name":"vacacionesmiamiplaya1@gmail.com","author_link":"https:\/\/vacacionesmiamiplaya.com\/en\/author\/vacacionesmiamiplaya1gmail-com\/"},"uagb_comment_info":0,"uagb_excerpt":"Testimonials La mejor garant\u00eda de calidad es la satisfacci\u00f3n de quienes ya nos eligieron. Qu\u00e9 dicen nuestros clientes Nuestros hu\u00e9spedes destacan la comodidad, la ubicaci\u00f3n y el trato recibido.Aqu\u00ed compartimos sus comentarios reales, tal como los dejaron tras su estancia.Tu experiencia tambi\u00e9n puede ser la pr\u00f3xima en aparecer aqu\u00ed. El apartamento super\u00f3 nuestras expectativas. Muy&hellip;","_links":{"self":[{"href":"https:\/\/vacacionesmiamiplaya.com\/en\/wp-json\/wp\/v2\/pages\/1831","targetHints":{"allow":["GET"]}}],"collection":[{"href":"https:\/\/vacacionesmiamiplaya.com\/en\/wp-json\/wp\/v2\/pages"}],"about":[{"href":"https:\/\/vacacionesmiamiplaya.com\/en\/wp-json\/wp\/v2\/types\/page"}],"author":[{"embeddable":true,"href":"https:\/\/vacacionesmiamiplaya.com\/en\/wp-json\/wp\/v2\/users\/1"}],"replies":[{"embeddable":true,"href":"https:\/\/vacacionesmiamiplaya.com\/en\/wp-json\/wp\/v2\/comments?post=1831"}],"version-history":[{"count":18,"href":"https:\/\/vacacionesmiamiplaya.com\/en\/wp-json\/wp\/v2\/pages\/1831\/revisions"}],"predecessor-version":[{"id":2084,"href":"https:\/\/vacacionesmiamiplaya.com\/en\/wp-json\/wp\/v2\/pages\/1831\/revisions\/2084"}],"wp:attachment":[{"href":"https:\/\/vacacionesmiamiplaya.com\/en\/wp-json\/wp\/v2\/media?parent=1831"}],"curies":[{"name":"wp","href":"https:\/\/api.w.org\/{rel}","templated":true}]}}